{"id":142,"date":"2022-12-16T01:21:13","date_gmt":"2022-12-16T01:21:13","guid":{"rendered":"https:\/\/certcons.com\/?page_id=142"},"modified":"2023-02-01T15:39:18","modified_gmt":"2023-02-01T15:39:18","slug":"consultoria","status":"publish","type":"page","link":"https:\/\/certcons.com\/index.php\/consultoria\/","title":{"rendered":"Consultor\u00eda"},"content":{"rendered":"<p>[et_pb_section fb_built=&#8221;1&#8243; _builder_version=&#8221;4.18.0&#8243; _module_preset=&#8221;default&#8221; background_image=&#8221;https:\/\/certcons.com\/wp-content\/uploads\/2023\/02\/Diseno-sin-titulo.png&#8221; custom_padding=&#8221;645px||0px|||&#8221; hover_enabled=&#8221;0&#8243; global_colors_info=&#8221;{}&#8221; sticky_enabled=&#8221;0&#8243; alt=&#8221;Consultor\u00eda certcons&#8221; title_text=&#8221;Consultor\u00eda certcons&#8221;][et_pb_row _builder_version=&#8221;4.18.0&#8243; _module_preset=&#8221;default&#8221; global_colors_info=&#8221;{}&#8221;][et_pb_column type=&#8221;4_4&#8243; _builder_version=&#8221;4.18.0&#8243; _module_preset=&#8221;default&#8221; global_colors_info=&#8221;{}&#8221;][et_pb_text _builder_version=&#8221;4.18.0&#8243; _module_preset=&#8221;default&#8221; hover_enabled=&#8221;0&#8243; sticky_enabled=&#8221;0&#8243; width=&#8221;91.4%&#8221;]<\/p>\n<h2>Desarrollamos tu soluci\u00f3n tecnol\u00f3gica y de obras civ\u00edles<\/h2>\n<p>[\/et_pb_text][\/et_pb_column][\/et_pb_row][\/et_pb_section]<\/p>\n","protected":false},"excerpt":{"rendered":"<p>Desarrollamos tu soluci\u00f3n tecnol\u00f3gica y de obras civ\u00edles<\/p>\n","protected":false},"author":1,"featured_media":0,"parent":0,"menu_order":0,"comment_status":"closed","ping_status":"closed","template":"","meta":{"_et_pb_use_builder":"on","_et_pb_old_content":"<!-- wp:divi\/placeholder \/-->","_et_gb_content_width":""},"_links":{"self":[{"href":"https:\/\/certcons.com\/index.php\/wp-json\/wp\/v2\/pages\/142"}],"collection":[{"href":"https:\/\/certcons.com\/index.php\/wp-json\/wp\/v2\/pages"}],"about":[{"href":"https:\/\/certcons.com\/index.php\/wp-json\/wp\/v2\/types\/page"}],"author":[{"embeddable":true,"href":"https:\/\/certcons.com\/index.php\/wp-json\/wp\/v2\/users\/1"}],"replies":[{"embeddable":true,"href":"https:\/\/certcons.com\/index.php\/wp-json\/wp\/v2\/comments?post=142"}],"version-history":[{"count":6,"href":"https:\/\/certcons.com\/index.php\/wp-json\/wp\/v2\/pages\/142\/revisions"}],"predecessor-version":[{"id":772,"href":"https:\/\/certcons.com\/index.php\/wp-json\/wp\/v2\/pages\/142\/revisions\/772"}],"wp:attachment":[{"href":"https:\/\/certcons.com\/index.php\/wp-json\/wp\/v2\/media?parent=142"}],"curies":[{"name":"wp","href":"https:\/\/api.w.org\/{rel}","templated":true}]}}