{"id":145,"date":"2022-12-16T01:22:04","date_gmt":"2022-12-16T01:22:04","guid":{"rendered":"https:\/\/certcons.com\/?page_id=145"},"modified":"2023-01-14T03:47:20","modified_gmt":"2023-01-14T03:47:20","slug":"entrenamiento","status":"publish","type":"page","link":"https:\/\/certcons.com\/index.php\/entrenamiento\/","title":{"rendered":"Entrenamiento"},"content":{"rendered":"<p>[et_pb_section fb_built=&#8221;1&#8243; _builder_version=&#8221;4.18.0&#8243; _module_preset=&#8221;default&#8221; global_colors_info=&#8221;{}&#8221;][et_pb_row column_structure=&#8221;1_2,1_2&#8243; _builder_version=&#8221;4.18.0&#8243; _module_preset=&#8221;default&#8221; global_colors_info=&#8221;{}&#8221;][et_pb_column type=&#8221;1_2&#8243; _builder_version=&#8221;4.18.0&#8243; _module_preset=&#8221;default&#8221; global_colors_info=&#8221;{}&#8221;][et_pb_text _builder_version=&#8221;4.18.0&#8243; _module_preset=&#8221;default&#8221; global_colors_info=&#8221;{}&#8221;]<\/p>\n<h6>Scrum <span>&amp; Agile<\/span><\/h6>\n<p>[\/et_pb_text][et_pb_image src=&#8221;https:\/\/certcons.com\/wp-content\/uploads\/2022\/12\/pexels-cottonbro-studio-7437090-1-scaled.jpg&#8221; title_text=&#8221;Scrum&#8221; _builder_version=&#8221;4.18.0&#8243; _module_preset=&#8221;default&#8221; global_colors_info=&#8221;{}&#8221;][\/et_pb_image][et_pb_code _builder_version=&#8221;4.18.0&#8243; _module_preset=&#8221;default&#8221; global_colors_info=&#8221;{}&#8221;][\/et_pb_code][et_pb_code _builder_version=&#8221;4.18.0&#8243; _module_preset=&#8221;default&#8221; global_colors_info=&#8221;{}&#8221;]<script src=\"https:\/\/cdnjs.cloudflare.com\/ajax\/libs\/slick-carousel\/1.6.0\/slick.js\"><\/script>[\/et_pb_code][et_pb_text _builder_version=&#8221;4.18.0&#8243; _module_preset=&#8221;default&#8221; global_colors_info=&#8221;{}&#8221;]<\/p>\n<p>\u00bfQu\u00e9 es Scrum <span>&amp; Agile? Es un marco de gesti\u00f3n de proyectos que permite a los equipos entregar resultados de valor continuamente.<\/span><\/p>\n<p>[\/et_pb_text][et_pb_text _builder_version=&#8221;4.18.0&#8243; _module_preset=&#8221;default&#8221; text_text_color=&#8221;#303387&#8243; link_option_url=&#8221;https:\/\/certcons.com\/?page_id=281&#8243; global_colors_info=&#8221;{}&#8221;]<\/p>\n<p>\u2713<span style=\"text-decoration: underline;\"><em>Scrum Fundamentals Certified<\/em><\/span><\/p>\n<p>[\/et_pb_text][et_pb_text _builder_version=&#8221;4.18.0&#8243; _module_preset=&#8221;default&#8221; text_text_color=&#8221;#303387&#8243; link_option_url=&#8221;https:\/\/certcons.com\/?page_id=285&#8243; global_colors_info=&#8221;{}&#8221;]<\/p>\n<p>\u2713 <em><span style=\"text-decoration: underline;\">Scrum Master Certified<\/span><\/em><\/p>\n<p>[\/et_pb_text][et_pb_text _builder_version=&#8221;4.18.0&#8243; _module_preset=&#8221;default&#8221; text_text_color=&#8221;#303387&#8243; link_option_url=&#8221;https:\/\/certcons.com\/index.php\/scrum-developer-certified-2\/&#8221; global_colors_info=&#8221;{}&#8221;]<\/p>\n<p>\u2713 <em><span style=\"text-decoration: underline;\">Scrum Developer Certified<\/span><\/em><\/p>\n<p>[\/et_pb_text][et_pb_text _builder_version=&#8221;4.18.0&#8243; _module_preset=&#8221;default&#8221; text_text_color=&#8221;#303387&#8243; link_option_url=&#8221;https:\/\/certcons.com\/index.php\/scrum-product-owner\/&#8221; global_colors_info=&#8221;{}&#8221;]<\/p>\n<p>\u2713 <span style=\"text-decoration: underline;\"><em>Scrum Product Owner<\/em><\/span><\/p>\n<p>[\/et_pb_text][\/et_pb_column][et_pb_column type=&#8221;1_2&#8243; _builder_version=&#8221;4.18.0&#8243; _module_preset=&#8221;default&#8221; global_colors_info=&#8221;{}&#8221;][et_pb_text _builder_version=&#8221;4.18.0&#8243; _module_preset=&#8221;default&#8221; global_colors_info=&#8221;{}&#8221;]<\/p>\n<h6>Gesti\u00f3n en calidad<\/h6>\n<p>[\/et_pb_text][et_pb_image src=&#8221;https:\/\/certcons.com\/wp-content\/uploads\/2022\/12\/Lean-Six-Sigma-810&#215;455-1.webp&#8221; title_text=&#8221;Lean-Six-Sigma-810&#215;455&#8243; _builder_version=&#8221;4.18.0&#8243; _module_preset=&#8221;default&#8221; height=&#8221;321px&#8221; global_colors_info=&#8221;{}&#8221;][\/et_pb_image][et_pb_text _builder_version=&#8221;4.18.0&#8243; _module_preset=&#8221;default&#8221; hover_enabled=&#8221;0&#8243; global_colors_info=&#8221;{}&#8221; sticky_enabled=&#8221;0&#8243;]<\/p>\n<p>LSSGB \/ LSSBB \/ SSGB \/ SSBB<\/p>\n<p>[\/et_pb_text][et_pb_text _builder_version=&#8221;4.18.0&#8243; _module_preset=&#8221;default&#8221; global_colors_info=&#8221;{}&#8221;]<\/p>\n<p>La gesti\u00f3n de calidad es una metodolog\u00eda basada en datos, cenytrada en el cliente y orientada a los resultados. Utiliza herramientas y t\u00e9cnicas estad\u00edsticas para eliminar sistem\u00e1ticamente los defectos y la ineficiencia para mejorar los procesos.<\/p>\n<p>[\/et_pb_text][et_pb_button button_url=&#8221;https:\/\/certcons.com\/index.php\/gestion-de-calidad\/&#8221; button_text=&#8221;Ver cursos&#8221; _builder_version=&#8221;4.18.0&#8243; _module_preset=&#8221;default&#8221; global_colors_info=&#8221;{}&#8221;][\/et_pb_button][\/et_pb_column][\/et_pb_row][et_pb_row column_structure=&#8221;1_2,1_2&#8243; _builder_version=&#8221;4.18.0&#8243; _module_preset=&#8221;default&#8221; global_colors_info=&#8221;{}&#8221;][et_pb_column type=&#8221;1_2&#8243; _builder_version=&#8221;4.18.0&#8243; _module_preset=&#8221;default&#8221; global_colors_info=&#8221;{}&#8221;][et_pb_text _builder_version=&#8221;4.18.0&#8243; _module_preset=&#8221;default&#8221; global_colors_info=&#8221;{}&#8221;]<\/p>\n<h6>Estrategia de marketing<\/h6>\n<p>[\/et_pb_text][et_pb_image src=&#8221;https:\/\/certcons.com\/wp-content\/uploads\/2022\/12\/pexels-kaboompics-com-6224-1-scaled.jpg&#8221; title_text=&#8221;Marketingst&#8221; _builder_version=&#8221;4.18.0&#8243; _module_preset=&#8221;default&#8221; global_colors_info=&#8221;{}&#8221;][\/et_pb_image][et_pb_text _builder_version=&#8221;4.18.0&#8243; _module_preset=&#8221;default&#8221; global_colors_info=&#8221;{}&#8221;]<\/p>\n<p>Los especialistas certificados en estrategia de marketing, pueden definir la propuesta de valor \u00fanica de un producto o marca, los mercados objetivos y las estrategias para conectarse con audiencias definidas.<\/p>\n<p>[\/et_pb_text][et_pb_button button_url=&#8221;https:\/\/certcons.com\/index.php\/estrategia-de-marketing\/&#8221; button_text=&#8221;Ver cursos&#8221; _builder_version=&#8221;4.18.0&#8243; _module_preset=&#8221;default&#8221; global_colors_info=&#8221;{}&#8221;][\/et_pb_button][\/et_pb_column][et_pb_column type=&#8221;1_2&#8243; _builder_version=&#8221;4.18.0&#8243; _module_preset=&#8221;default&#8221; global_colors_info=&#8221;{}&#8221;][et_pb_text _builder_version=&#8221;4.18.0&#8243; _module_preset=&#8221;default&#8221; global_colors_info=&#8221;{}&#8221;]<\/p>\n<h6>Marketing digital<\/h6>\n<p>[\/et_pb_text][et_pb_image src=&#8221;https:\/\/certcons.com\/wp-content\/uploads\/2022\/12\/pexels-mikael-blomkvist-6483630-1-scaled.jpg&#8221; title_text=&#8221;Digmark&#8221; _builder_version=&#8221;4.18.0&#8243; _module_preset=&#8221;default&#8221; global_colors_info=&#8221;{}&#8221;][\/et_pb_image][et_pb_text _builder_version=&#8221;4.18.0&#8243; _module_preset=&#8221;default&#8221; global_colors_info=&#8221;{}&#8221;]<\/p>\n<p>Permite conocer y maniobrar con los canales de marketing digital; para facilitar estrategias de marketing digital bien planificadas, para cumplir con los objetivos corporativos.<\/p>\n<p>[\/et_pb_text][et_pb_button button_url=&#8221;https:\/\/certcons.com\/index.php\/marketing-digital\/&#8221; button_text=&#8221;Ver cursos&#8221; _builder_version=&#8221;4.18.0&#8243; _module_preset=&#8221;default&#8221; global_colors_info=&#8221;{}&#8221;][\/et_pb_button][\/et_pb_column][\/et_pb_row][\/et_pb_section]<\/p>\n","protected":false},"excerpt":{"rendered":"<p>Scrum &amp; Agile\u00bfQu\u00e9 es Scrum &amp; Agile? Es un marco de gesti\u00f3n de proyectos que permite a los equipos entregar resultados de valor continuamente.\u2713Scrum Fundamentals Certified\u2713 Scrum Master Certified\u2713 Scrum Developer Certified\u2713 Scrum Product OwnerGesti\u00f3n en calidadLSSGB \/ LSSBB \/ SSGB \/ SSBBLa gesti\u00f3n de calidad es una metodolog\u00eda basada en datos, cenytrada en el [&hellip;]<\/p>\n","protected":false},"author":1,"featured_media":0,"parent":0,"menu_order":0,"comment_status":"closed","ping_status":"closed","template":"","meta":{"_et_pb_use_builder":"on","_et_pb_old_content":"<!-- wp:divi\/placeholder \/-->","_et_gb_content_width":""},"_links":{"self":[{"href":"https:\/\/certcons.com\/index.php\/wp-json\/wp\/v2\/pages\/145"}],"collection":[{"href":"https:\/\/certcons.com\/index.php\/wp-json\/wp\/v2\/pages"}],"about":[{"href":"https:\/\/certcons.com\/index.php\/wp-json\/wp\/v2\/types\/page"}],"author":[{"embeddable":true,"href":"https:\/\/certcons.com\/index.php\/wp-json\/wp\/v2\/users\/1"}],"replies":[{"embeddable":true,"href":"https:\/\/certcons.com\/index.php\/wp-json\/wp\/v2\/comments?post=145"}],"version-history":[{"count":13,"href":"https:\/\/certcons.com\/index.php\/wp-json\/wp\/v2\/pages\/145\/revisions"}],"predecessor-version":[{"id":641,"href":"https:\/\/certcons.com\/index.php\/wp-json\/wp\/v2\/pages\/145\/revisions\/641"}],"wp:attachment":[{"href":"https:\/\/certcons.com\/index.php\/wp-json\/wp\/v2\/media?parent=145"}],"curies":[{"name":"wp","href":"https:\/\/api.w.org\/{rel}","templated":true}]}}