{"id":217,"date":"2022-12-21T01:41:37","date_gmt":"2022-12-21T01:41:37","guid":{"rendered":"https:\/\/certcons.com\/?page_id=217"},"modified":"2023-01-17T03:10:08","modified_gmt":"2023-01-17T03:10:08","slug":"scrum-agile","status":"publish","type":"page","link":"https:\/\/certcons.com\/index.php\/scrum-agile\/","title":{"rendered":"Scrum &#038; Agile"},"content":{"rendered":"<p>[et_pb_section fb_built=&#8221;1&#8243; _builder_version=&#8221;4.18.0&#8243; _module_preset=&#8221;default&#8221; global_colors_info=&#8221;{}&#8221;][et_pb_row column_structure=&#8221;1_2,1_2&#8243; _builder_version=&#8221;4.18.0&#8243; _module_preset=&#8221;default&#8221; global_colors_info=&#8221;{}&#8221;][et_pb_column type=&#8221;1_2&#8243; _builder_version=&#8221;4.18.0&#8243; _module_preset=&#8221;default&#8221; global_colors_info=&#8221;{}&#8221;][et_pb_text _builder_version=&#8221;4.18.0&#8243; _module_preset=&#8221;default&#8221; global_colors_info=&#8221;{}&#8221;]<\/p>\n<h6>Scrum Fundamentals Certified<\/h6>\n<p>[\/et_pb_text][et_pb_image src=&#8221;https:\/\/certcons.com\/wp-content\/uploads\/2023\/01\/smartmockups_lczjmhvr.jpg&#8221; _builder_version=&#8221;4.18.0&#8243; _module_preset=&#8221;default&#8221; hover_enabled=&#8221;0&#8243; global_colors_info=&#8221;{}&#8221; title_text=&#8221;Scrum fundamentals- certcons&#8221; border_radii=&#8221;on|5px|5px|5px|5px&#8221; sticky_enabled=&#8221;0&#8243;][\/et_pb_image][et_pb_text _builder_version=&#8221;4.18.0&#8243; _module_preset=&#8221;default&#8221; global_colors_info=&#8221;{}&#8221;]<\/p>\n<p><span>El curso de Certificaci\u00f3n de los Fundamentos de Scrum est\u00e1 dise\u00f1ado para ayudar a cualquier persona que tenga inter\u00e9s en conocer m\u00e1s sobre Scrum; para aprender sobre los conceptos clave de Scrum, tal como se describe en la Gu\u00eda SBOKTM, y para ofrecer un conocimiento b\u00e1sico de c\u00f3mo funciona la estructura de Scrum en la entrega de proyectos exitosos.<\/span><\/p>\n<p>[\/et_pb_text][et_pb_button button_url=&#8221;https:\/\/certcons.com\/index.php\/scrum-fundamentals-certified\/&#8221; button_text=&#8221;Tomar curso&#8221; _builder_version=&#8221;4.18.0&#8243; _module_preset=&#8221;default&#8221; global_colors_info=&#8221;{}&#8221;][\/et_pb_button][\/et_pb_column][et_pb_column type=&#8221;1_2&#8243; _builder_version=&#8221;4.18.0&#8243; _module_preset=&#8221;default&#8221; global_colors_info=&#8221;{}&#8221;][et_pb_text _builder_version=&#8221;4.18.0&#8243; _module_preset=&#8221;default&#8221; global_colors_info=&#8221;{}&#8221;]<\/p>\n<h6>Scrum Master Certified<\/h6>\n<p>[\/et_pb_text][et_pb_image src=&#8221;https:\/\/certcons.com\/wp-content\/uploads\/2023\/01\/smartmockups_lczl9vb2.jpg&#8221; _builder_version=&#8221;4.18.0&#8243; _module_preset=&#8221;default&#8221; hover_enabled=&#8221;0&#8243; global_colors_info=&#8221;{}&#8221; alt=&#8221;Scrum Master Certified &#8211; Certcons&#8221; title_text=&#8221;Scrum Master Certified &#8211; Certcons&#8221; border_radii=&#8221;on|5px|5px|5px|5px&#8221; sticky_enabled=&#8221;0&#8243;][\/et_pb_image][et_pb_text _builder_version=&#8221;4.18.0&#8243; _module_preset=&#8221;default&#8221; global_colors_info=&#8221;{}&#8221;]<\/p>\n<p><span>Curso y certificaci\u00f3n para ser un conocedor de la metodolog\u00eda, ser gu\u00eda del equipo para garantizar que sigue adecuadamente los lineamientos y apoyarles removiendo de la forma m\u00e1s pr\u00e1ctica los bloqueantes&#8230;<\/span><\/p>\n<p>[\/et_pb_text][et_pb_button button_url=&#8221;https:\/\/certcons.com\/index.php\/scrum-master-certified\/&#8221; button_text=&#8221;Tomar curso&#8221; _builder_version=&#8221;4.18.0&#8243; _module_preset=&#8221;default&#8221; global_colors_info=&#8221;{}&#8221;][\/et_pb_button][\/et_pb_column][\/et_pb_row][et_pb_row column_structure=&#8221;1_2,1_2&#8243; _builder_version=&#8221;4.18.0&#8243; _module_preset=&#8221;default&#8221; global_colors_info=&#8221;{}&#8221;][et_pb_column type=&#8221;1_2&#8243; _builder_version=&#8221;4.18.0&#8243; _module_preset=&#8221;default&#8221; global_colors_info=&#8221;{}&#8221;][et_pb_text _builder_version=&#8221;4.18.0&#8243; _module_preset=&#8221;default&#8221; global_colors_info=&#8221;{}&#8221;]<\/p>\n<h6>Scrum Developer Certified<\/h6>\n<p>[\/et_pb_text][et_pb_image src=&#8221;https:\/\/certcons.com\/wp-content\/uploads\/2023\/01\/smartmockups_lczlsxwf.jpg&#8221; _builder_version=&#8221;4.18.0&#8243; _module_preset=&#8221;default&#8221; hover_enabled=&#8221;0&#8243; global_colors_info=&#8221;{}&#8221; alt=&#8221;Scrum Developer Certified- Certcons&#8221; title_text=&#8221;Scrum Developer Certified- Certcons&#8221; border_radii=&#8221;on|5px|5px|5px|5px&#8221; sticky_enabled=&#8221;0&#8243;][\/et_pb_image][et_pb_text _builder_version=&#8221;4.18.0&#8243; _module_preset=&#8221;default&#8221; global_colors_info=&#8221;{}&#8221;]<\/p>\n<p><span>Curso y certificaci\u00f3n para ser un adecuado miembro de equipo Scrum, maximizando el valor de la comunicaci\u00f3n y sinergia&#8230;<\/span><\/p>\n<p>[\/et_pb_text][et_pb_button button_url=&#8221;https:\/\/certcons.com\/index.php\/scrum-developer-certified-2\/&#8221; button_text=&#8221;Tomar curso&#8221; _builder_version=&#8221;4.18.0&#8243; _module_preset=&#8221;default&#8221; global_colors_info=&#8221;{}&#8221;][\/et_pb_button][\/et_pb_column][et_pb_column type=&#8221;1_2&#8243; _builder_version=&#8221;4.18.0&#8243; _module_preset=&#8221;default&#8221; global_colors_info=&#8221;{}&#8221;][et_pb_text _builder_version=&#8221;4.18.0&#8243; _module_preset=&#8221;default&#8221; global_colors_info=&#8221;{}&#8221;]<\/p>\n<h6>Scrum Product Owner Certified<\/h6>\n<p>[\/et_pb_text][et_pb_image src=&#8221;https:\/\/certcons.com\/wp-content\/uploads\/2023\/01\/smartmockups_lczmrfzt.jpg&#8221; _builder_version=&#8221;4.18.0&#8243; _module_preset=&#8221;default&#8221; hover_enabled=&#8221;0&#8243; global_colors_info=&#8221;{}&#8221; alt=&#8221;Scrum Product Owner- Certcons&#8221; title_text=&#8221;Scrum Product Owner- Certcons&#8221; border_radii=&#8221;on|5px|5px|5px|5px&#8221; sticky_enabled=&#8221;0&#8243;][\/et_pb_image][et_pb_text _builder_version=&#8221;4.18.0&#8243; _module_preset=&#8221;default&#8221; global_colors_info=&#8221;{}&#8221;]<\/p>\n<p><span>Com\u00fanmente llamada \u201cla voz del cliente\u201d, el propietario del producto es responsable de garantizar una comunicaci\u00f3n clara de los requisitos de funcionalidad del producto o servicio. El propietario del producto tambi\u00e9n prioriza los requisitos desde el punto de vista de un usuario final, para obtener el m\u00e1ximo beneficio para el negocio, define los criterios de aceptaci\u00f3n y garantiza que se cumplan esos criterios.<\/span><\/p>\n<p>[\/et_pb_text][et_pb_button button_url=&#8221;https:\/\/certcons.com\/index.php\/scrum-product-owner\/&#8221; button_text=&#8221;Tomar curso&#8221; _builder_version=&#8221;4.18.0&#8243; _module_preset=&#8221;default&#8221; global_colors_info=&#8221;{}&#8221;][\/et_pb_button][\/et_pb_column][\/et_pb_row][\/et_pb_section]<\/p>\n","protected":false},"excerpt":{"rendered":"<p>Scrum Fundamentals CertifiedEl curso de Certificaci\u00f3n de los Fundamentos de Scrum est\u00e1 dise\u00f1ado para ayudar a cualquier persona que tenga inter\u00e9s en conocer m\u00e1s sobre Scrum; para aprender sobre los conceptos clave de Scrum, tal como se describe en la Gu\u00eda SBOKTM, y para ofrecer un conocimiento b\u00e1sico de c\u00f3mo funciona la estructura de Scrum [&hellip;]<\/p>\n","protected":false},"author":1,"featured_media":0,"parent":0,"menu_order":0,"comment_status":"closed","ping_status":"closed","template":"","meta":{"_et_pb_use_builder":"on","_et_pb_old_content":"<!-- wp:divi\/placeholder \/-->","_et_gb_content_width":""},"_links":{"self":[{"href":"https:\/\/certcons.com\/index.php\/wp-json\/wp\/v2\/pages\/217"}],"collection":[{"href":"https:\/\/certcons.com\/index.php\/wp-json\/wp\/v2\/pages"}],"about":[{"href":"https:\/\/certcons.com\/index.php\/wp-json\/wp\/v2\/types\/page"}],"author":[{"embeddable":true,"href":"https:\/\/certcons.com\/index.php\/wp-json\/wp\/v2\/users\/1"}],"replies":[{"embeddable":true,"href":"https:\/\/certcons.com\/index.php\/wp-json\/wp\/v2\/comments?post=217"}],"version-history":[{"count":9,"href":"https:\/\/certcons.com\/index.php\/wp-json\/wp\/v2\/pages\/217\/revisions"}],"predecessor-version":[{"id":711,"href":"https:\/\/certcons.com\/index.php\/wp-json\/wp\/v2\/pages\/217\/revisions\/711"}],"wp:attachment":[{"href":"https:\/\/certcons.com\/index.php\/wp-json\/wp\/v2\/media?parent=217"}],"curies":[{"name":"wp","href":"https:\/\/api.w.org\/{rel}","templated":true}]}}