{"id":220,"date":"2022-12-21T01:42:41","date_gmt":"2022-12-21T01:42:41","guid":{"rendered":"https:\/\/certcons.com\/?page_id=220"},"modified":"2023-01-17T04:02:20","modified_gmt":"2023-01-17T04:02:20","slug":"gestion-de-calidad","status":"publish","type":"page","link":"https:\/\/certcons.com\/index.php\/gestion-de-calidad\/","title":{"rendered":"Gesti\u00f3n de calidad"},"content":{"rendered":"<p>[et_pb_section fb_built=&#8221;1&#8243; _builder_version=&#8221;4.18.0&#8243; _module_preset=&#8221;default&#8221; global_colors_info=&#8221;{}&#8221;][et_pb_row column_structure=&#8221;1_2,1_2&#8243; _builder_version=&#8221;4.18.0&#8243; _module_preset=&#8221;default&#8221; global_colors_info=&#8221;{}&#8221;][et_pb_column type=&#8221;1_2&#8243; _builder_version=&#8221;4.18.0&#8243; _module_preset=&#8221;default&#8221; global_colors_info=&#8221;{}&#8221;][et_pb_text _builder_version=&#8221;4.18.0&#8243; _module_preset=&#8221;default&#8221; global_colors_info=&#8221;{}&#8221;]<\/p>\n<h6>Lean Six Sigma black belt<\/h6>\n<p>[\/et_pb_text][et_pb_image src=&#8221;https:\/\/certcons.com\/wp-content\/uploads\/2023\/01\/smartmockups_lczp5h9n.jpg&#8221; _builder_version=&#8221;4.18.0&#8243; _module_preset=&#8221;default&#8221; hover_enabled=&#8221;0&#8243; global_colors_info=&#8221;{}&#8221; title_text=&#8221;Lean Six Sigma Black Belt-Certcons&#8221; border_radii=&#8221;on|5px|5px|5px|5px&#8221; sticky_enabled=&#8221;0&#8243; alt=&#8221;Lean Six Sigma Black Belt-Certcons LSSBB&#8221;][\/et_pb_image][et_pb_text _builder_version=&#8221;4.18.0&#8243; _module_preset=&#8221;default&#8221; global_colors_info=&#8221;{}&#8221;]<\/p>\n<p>La certificaci\u00f3n Lean Six Sigma Black Belt (LSSBB) se centra en examinar a los estudiantes sobre su comprensi\u00f3n global de las diversas herramientas y t\u00e9cnicas Six Sigma en conjunci\u00f3n con Lean. Desarrolla una base de conocimientos exhaustiva que ayude a los estudiantes a funcionar eficazmente como Lean Six Sigma Black Belt en diversos proyectos&#8230;<\/p>\n<p>[\/et_pb_text][et_pb_button button_url=&#8221;https:\/\/certcons.com\/index.php\/lean-six-sigma-black-belt\/&#8221; button_text=&#8221;Tomar curso&#8221; _builder_version=&#8221;4.18.0&#8243; _module_preset=&#8221;default&#8221; global_colors_info=&#8221;{}&#8221;][\/et_pb_button][\/et_pb_column][et_pb_column type=&#8221;1_2&#8243; _builder_version=&#8221;4.18.0&#8243; _module_preset=&#8221;default&#8221; global_colors_info=&#8221;{}&#8221;][et_pb_text _builder_version=&#8221;4.18.0&#8243; _module_preset=&#8221;default&#8221; global_colors_info=&#8221;{}&#8221;]<\/p>\n<h6>Six sigma black belt<\/h6>\n<p>[\/et_pb_text][et_pb_image src=&#8221;https:\/\/certcons.com\/wp-content\/uploads\/2023\/01\/smartmockups_lcznpl3s.jpg&#8221; _builder_version=&#8221;4.18.0&#8243; _module_preset=&#8221;default&#8221; hover_enabled=&#8221;0&#8243; global_colors_info=&#8221;{}&#8221; sticky_enabled=&#8221;0&#8243; title_text=&#8221;Six Sigma Black Belt SSBB- Certcons&#8221; border_radii=&#8221;on|5px|5px|5px|5px&#8221;][\/et_pb_image][et_pb_text _builder_version=&#8221;4.18.0&#8243; _module_preset=&#8221;default&#8221; global_colors_info=&#8221;{}&#8221;]<\/p>\n<p>El curso Six Sigma Black Belt se centra en proporcionar a los estudiantes<br \/>comprensi\u00f3n exhaustiva de las diversas herramientas y t\u00e9cnicas, t\u00e9cnicas \u00fatiles para mejorar el proceso de producci\u00f3n y minimizar defectos en el producto final&#8230;<\/p>\n<p>[\/et_pb_text][et_pb_button button_url=&#8221;https:\/\/certcons.com\/index.php\/six-sigma-black-belt\/&#8221; button_text=&#8221;Tomar curso&#8221; _builder_version=&#8221;4.18.0&#8243; _module_preset=&#8221;default&#8221; global_colors_info=&#8221;{}&#8221;][\/et_pb_button][\/et_pb_column][\/et_pb_row][et_pb_row column_structure=&#8221;1_2,1_2&#8243; _builder_version=&#8221;4.18.0&#8243; _module_preset=&#8221;default&#8221; global_colors_info=&#8221;{}&#8221;][et_pb_column type=&#8221;1_2&#8243; _builder_version=&#8221;4.18.0&#8243; _module_preset=&#8221;default&#8221; global_colors_info=&#8221;{}&#8221;][et_pb_text _builder_version=&#8221;4.18.0&#8243; _module_preset=&#8221;default&#8221; global_colors_info=&#8221;{}&#8221;]<\/p>\n<h6>Lean six sigma Green belt<\/h6>\n<p>[\/et_pb_text][et_pb_image src=&#8221;https:\/\/certcons.com\/wp-content\/uploads\/2023\/01\/smartmockups_lczpjpte.jpg&#8221; _builder_version=&#8221;4.18.0&#8243; _module_preset=&#8221;default&#8221; hover_enabled=&#8221;0&#8243; global_colors_info=&#8221;{}&#8221; alt=&#8221;Lean Six Sigma Green Belt- Certcons LLSSGB&#8221; title_text=&#8221;Lean Six Sigma Green Belt- Certcons&#8221; border_radii=&#8221;on|5px|5px|5px|5px&#8221; sticky_enabled=&#8221;0&#8243;][\/et_pb_image][et_pb_text _builder_version=&#8221;4.18.0&#8243; _module_preset=&#8221;default&#8221; global_colors_info=&#8221;{}&#8221;]El curso Lean Six Sigma Green Belt (LSSGB\u2122) se centra en proporcionar a los estudiantes una comprensi\u00f3n de las diversas herramientas y t\u00e9cnicas Six Sigma y Lean \u00fatiles para mejorar el proceso de producci\u00f3n y minimizar los defectos en el producto final&#8230;[\/et_pb_text][et_pb_button button_url=&#8221;https:\/\/certcons.com\/index.php\/lean-six-sigma-green-belt\/&#8221; button_text=&#8221;Tomar curso&#8221; _builder_version=&#8221;4.18.0&#8243; _module_preset=&#8221;default&#8221; global_colors_info=&#8221;{}&#8221;][\/et_pb_button][\/et_pb_column][et_pb_column type=&#8221;1_2&#8243; _builder_version=&#8221;4.18.0&#8243; _module_preset=&#8221;default&#8221; global_colors_info=&#8221;{}&#8221;][et_pb_text _builder_version=&#8221;4.18.0&#8243; _module_preset=&#8221;default&#8221; global_colors_info=&#8221;{}&#8221;]<\/p>\n<h6>Six Sigma green belt<\/h6>\n<p>[\/et_pb_text][et_pb_image src=&#8221;https:\/\/certcons.com\/wp-content\/uploads\/2023\/01\/smartmockups_lczoitso.jpg&#8221; _builder_version=&#8221;4.18.0&#8243; _module_preset=&#8221;default&#8221; hover_enabled=&#8221;0&#8243; global_colors_info=&#8221;{}&#8221; alt=&#8221;Six Sigma Green Belt- Certcons SSGB&#8221; title_text=&#8221;Six Sigma Green Belt- Certcons&#8221; border_radii=&#8221;on|5px|5px|5px|5px&#8221; sticky_enabled=&#8221;0&#8243;][\/et_pb_image][et_pb_text _builder_version=&#8221;4.18.0&#8243; _module_preset=&#8221;default&#8221; global_colors_info=&#8221;{}&#8221;]<\/p>\n<p>Este curso pretende familiarizar a los participantes con las herramientas y t\u00e9cnicas, ventajas y retos de la metodolog\u00eda Six Sigma. &#8211; Los participantes dispondr\u00e1n de los conocimientos necesarios para mejorar los procesos de producci\u00f3n en sus organizaciones y ayudar a \u00e9stas a adoptar la metodolog\u00eda Six Sigma&#8230;<\/p>\n<p>[\/et_pb_text][et_pb_button button_url=&#8221;https:\/\/certcons.com\/index.php\/six-sigma-green-belt\/&#8221; button_text=&#8221;Tomar curso&#8221; _builder_version=&#8221;4.18.0&#8243; _module_preset=&#8221;default&#8221; global_colors_info=&#8221;{}&#8221;][\/et_pb_button][\/et_pb_column][\/et_pb_row][\/et_pb_section]<\/p>\n","protected":false},"excerpt":{"rendered":"<p>Lean Six Sigma black beltLa certificaci\u00f3n Lean Six Sigma Black Belt (LSSBB) se centra en examinar a los estudiantes sobre su comprensi\u00f3n global de las diversas herramientas y t\u00e9cnicas Six Sigma en conjunci\u00f3n con Lean. Desarrolla una base de conocimientos exhaustiva que ayude a los estudiantes a funcionar eficazmente como Lean Six Sigma Black Belt [&hellip;]<\/p>\n","protected":false},"author":1,"featured_media":0,"parent":0,"menu_order":0,"comment_status":"closed","ping_status":"closed","template":"","meta":{"_et_pb_use_builder":"on","_et_pb_old_content":"<!-- wp:divi\/placeholder \/-->","_et_gb_content_width":""},"_links":{"self":[{"href":"https:\/\/certcons.com\/index.php\/wp-json\/wp\/v2\/pages\/220"}],"collection":[{"href":"https:\/\/certcons.com\/index.php\/wp-json\/wp\/v2\/pages"}],"about":[{"href":"https:\/\/certcons.com\/index.php\/wp-json\/wp\/v2\/types\/page"}],"author":[{"embeddable":true,"href":"https:\/\/certcons.com\/index.php\/wp-json\/wp\/v2\/users\/1"}],"replies":[{"embeddable":true,"href":"https:\/\/certcons.com\/index.php\/wp-json\/wp\/v2\/comments?post=220"}],"version-history":[{"count":7,"href":"https:\/\/certcons.com\/index.php\/wp-json\/wp\/v2\/pages\/220\/revisions"}],"predecessor-version":[{"id":719,"href":"https:\/\/certcons.com\/index.php\/wp-json\/wp\/v2\/pages\/220\/revisions\/719"}],"wp:attachment":[{"href":"https:\/\/certcons.com\/index.php\/wp-json\/wp\/v2\/media?parent=220"}],"curies":[{"name":"wp","href":"https:\/\/api.w.org\/{rel}","templated":true}]}}