{"id":226,"date":"2022-12-21T01:45:04","date_gmt":"2022-12-21T01:45:04","guid":{"rendered":"https:\/\/certcons.com\/?page_id=226"},"modified":"2023-01-17T17:08:59","modified_gmt":"2023-01-17T17:08:59","slug":"marketing-digital","status":"publish","type":"page","link":"https:\/\/certcons.com\/index.php\/marketing-digital\/","title":{"rendered":"Marketing digital"},"content":{"rendered":"<p>[et_pb_section fb_built=&#8221;1&#8243; _builder_version=&#8221;4.18.0&#8243; _module_preset=&#8221;default&#8221; global_colors_info=&#8221;{}&#8221;][et_pb_row column_structure=&#8221;1_2,1_2&#8243; _builder_version=&#8221;4.18.0&#8243; _module_preset=&#8221;default&#8221; global_colors_info=&#8221;{}&#8221;][et_pb_column type=&#8221;1_2&#8243; _builder_version=&#8221;4.18.0&#8243; _module_preset=&#8221;default&#8221; global_colors_info=&#8221;{}&#8221;][et_pb_text _builder_version=&#8221;4.18.0&#8243; _module_preset=&#8221;default&#8221; global_colors_info=&#8221;{}&#8221;]<\/p>\n<h6>Digital Marketing Associate<\/h6>\n<p>[\/et_pb_text][et_pb_image src=&#8221;https:\/\/certcons.com\/wp-content\/uploads\/2023\/01\/top-viewtop-view-of-manager-and-employee-doing-teamwork-in-business-office-looking-at-charts-on-laptop-display-scaled.jpg&#8221; _builder_version=&#8221;4.18.0&#8243; _module_preset=&#8221;default&#8221; hover_enabled=&#8221;0&#8243; global_colors_info=&#8221;{}&#8221; title_text=&#8221;Top view of manager and employee doing teamwork&#8221; border_radii=&#8221;on|5px|5px|5px|5px&#8221; sticky_enabled=&#8221;0&#8243;][\/et_pb_image][et_pb_text _builder_version=&#8221;4.18.0&#8243; _module_preset=&#8221;default&#8221; global_colors_info=&#8221;{}&#8221;]<\/p>\n<p>Los participantes se familiarizar\u00e1n con los conceptos clave del marketing digital, y obtendr\u00e1n una comprensi\u00f3n b\u00e1sica de c\u00f3mo el marco de marketing digital ayuda a identificar los canales de marketing m\u00e1s eficaces para los productos o servicios de una organizaci\u00f3n.<\/p>\n<p>[\/et_pb_text][et_pb_button button_url=&#8221;https:\/\/certcons.com\/index.php\/digital-marketing-associate\/&#8221; button_text=&#8221;Tomar curso&#8221; _builder_version=&#8221;4.18.0&#8243; _module_preset=&#8221;default&#8221; global_colors_info=&#8221;{}&#8221;][\/et_pb_button][\/et_pb_column][et_pb_column type=&#8221;1_2&#8243; _builder_version=&#8221;4.18.0&#8243; _module_preset=&#8221;default&#8221; global_colors_info=&#8221;{}&#8221;][et_pb_text _builder_version=&#8221;4.18.0&#8243; _module_preset=&#8221;default&#8221; global_colors_info=&#8221;{}&#8221;]<\/p>\n<h6>Digital Marketing Expert<\/h6>\n<p>[\/et_pb_text][et_pb_image src=&#8221;https:\/\/certcons.com\/wp-content\/uploads\/2023\/01\/smiling-caucasian-woman-in-startup-office-doing-business-presentation-on-big-tv-screen-with-charts-in-front-of-team-confident-employee-presenting-growing-sales-statistics-in-late-night-meeting-scaled.jpg&#8221; _builder_version=&#8221;4.18.0&#8243; _module_preset=&#8221;default&#8221; hover_enabled=&#8221;0&#8243; global_colors_info=&#8221;{}&#8221; alt=&#8221;Digital Marketing Expert- Certcons&#8221; title_text=&#8221;Digital Marketing Expert- Certcons&#8221; border_radii=&#8221;on|5px|5px|5px|5px&#8221; sticky_enabled=&#8221;0&#8243;][\/et_pb_image][et_pb_text _builder_version=&#8221;4.18.0&#8243; _module_preset=&#8221;default&#8221; global_colors_info=&#8221;{}&#8221;]<\/p>\n<p>Los participantes podr\u00e1n definir todas las actividades de marketing que utilizan<br \/>dispositivos electr\u00f3nicos conectados a Internet para los clientes (p. ej., ordenadores, tabletas, tel\u00e9fonos inteligentes) y podr\u00e1n planificar y desarrollar, optimizar todos los<br \/>canales de marketing digital disponibles que sean eficaces para alcanzar los objetivos definidos para un producto<\/p>\n<p>[\/et_pb_text][et_pb_button button_url=&#8221;https:\/\/certcons.com\/index.php\/digital-markting-expert\/&#8221; button_text=&#8221;Tomar curso&#8221; _builder_version=&#8221;4.18.0&#8243; _module_preset=&#8221;default&#8221; global_colors_info=&#8221;{}&#8221;][\/et_pb_button][\/et_pb_column][\/et_pb_row][et_pb_row column_structure=&#8221;1_2,1_2&#8243; _builder_version=&#8221;4.18.0&#8243; _module_preset=&#8221;default&#8221; global_colors_info=&#8221;{}&#8221;][et_pb_column type=&#8221;1_2&#8243; _builder_version=&#8221;4.18.0&#8243; _module_preset=&#8221;default&#8221; global_colors_info=&#8221;{}&#8221;][et_pb_text _builder_version=&#8221;4.18.0&#8243; _module_preset=&#8221;default&#8221; global_colors_info=&#8221;{}&#8221;]<\/p>\n<h6>Digital Marketing Professional<\/h6>\n<p>[\/et_pb_text][et_pb_image src=&#8221;https:\/\/certcons.com\/wp-content\/uploads\/2023\/01\/portrait-of-startup-employee-comparing-two-sheets-of-paper-with-charts-analyzing-financial-data-while-drinking-morning-coffee-woman-working-in-busy-marketing-department-sitting-at-desk-with-laptop-scaled.jpg&#8221; _builder_version=&#8221;4.18.0&#8243; _module_preset=&#8221;default&#8221; hover_enabled=&#8221;0&#8243; global_colors_info=&#8221;{}&#8221; sticky_enabled=&#8221;0&#8243; alt=&#8221;Digital Marketing Professional- Certcons&#8221; title_text=&#8221;Digital Marketing Professional- Certcons&#8221; border_radii=&#8221;on|5px|5px|5px|5px&#8221;][\/et_pb_image][et_pb_text _builder_version=&#8221;4.18.0&#8243; _module_preset=&#8221;default&#8221; global_colors_info=&#8221;{}&#8221;]<\/p>\n<p>Definir todas las actividades de marketing que utilizan dispositivos electr\u00f3nicos conectados a Internet para los clientes (por ejemplo, ordenadores, tabletas, tel\u00e9fonos inteligentes)&#8230;<\/p>\n<p>[\/et_pb_text][et_pb_button button_url=&#8221;https:\/\/certcons.com\/index.php\/digital-marketing-professional\/&#8221; button_text=&#8221;Tomar curso&#8221; _builder_version=&#8221;4.18.0&#8243; _module_preset=&#8221;default&#8221; global_colors_info=&#8221;{}&#8221;][\/et_pb_button][\/et_pb_column][et_pb_column type=&#8221;1_2&#8243; _builder_version=&#8221;4.18.0&#8243; _module_preset=&#8221;default&#8221; global_colors_info=&#8221;{}&#8221;][et_pb_text _builder_version=&#8221;4.18.0&#8243; _module_preset=&#8221;default&#8221; global_colors_info=&#8221;{}&#8221;]<\/p>\n<h6>Digital Marketing Specialist\u00a0<\/h6>\n<p>[\/et_pb_text][et_pb_image src=&#8221;https:\/\/certcons.com\/wp-content\/uploads\/2023\/01\/business-woman-talking-about-financial-project-taking-notes-discussing-start-up-ideas-using-laptop-diverse-employees-gathered-in-co-working-working-process-in-busy-company-teamwork-help-concept-scaled.jpg&#8221; _builder_version=&#8221;4.18.0&#8243; _module_preset=&#8221;default&#8221; hover_enabled=&#8221;0&#8243; global_colors_info=&#8221;{}&#8221; alt=&#8221;Digital Marketing Specialist- Certcons&#8221; title_text=&#8221;Digital Marketing Specialist- Certcons&#8221; border_radii=&#8221;on|5px|5px|5px|5px&#8221; sticky_enabled=&#8221;0&#8243;][\/et_pb_image][et_pb_text _builder_version=&#8221;4.18.0&#8243; _module_preset=&#8221;default&#8221; global_colors_info=&#8221;{}&#8221;]<\/p>\n<p>Los participantes podr\u00e1n definir todas las actividades de marketing que utilizan<br \/>dispositivos electr\u00f3nicos conectados a Internet para relacionarse con los clientes (por ejemplo, ordenadores, tabletas, tel\u00e9fonos inteligentes). Tambi\u00e9n ser\u00e1n capaces de planificar y desarrollar, optimizar todos los canales de marketing digital disponibles que sean eficaces para<br \/>alcanzar los objetivos definidos para un producto.<\/p>\n<p>[\/et_pb_text][et_pb_button button_url=&#8221;https:\/\/certcons.com\/index.php\/digital-marketing-specialist\/&#8221; button_text=&#8221;Tomar curso&#8221; _builder_version=&#8221;4.18.0&#8243; _module_preset=&#8221;default&#8221; global_colors_info=&#8221;{}&#8221;][\/et_pb_button][\/et_pb_column][\/et_pb_row][\/et_pb_section]<\/p>\n","protected":false},"excerpt":{"rendered":"<p>Digital Marketing AssociateLos participantes se familiarizar\u00e1n con los conceptos clave del marketing digital, y obtendr\u00e1n una comprensi\u00f3n b\u00e1sica de c\u00f3mo el marco de marketing digital ayuda a identificar los canales de marketing m\u00e1s eficaces para los productos o servicios de una organizaci\u00f3n.Digital Marketing ExpertLos participantes podr\u00e1n definir todas las actividades de marketing que utilizandispositivos electr\u00f3nicos [&hellip;]<\/p>\n","protected":false},"author":1,"featured_media":0,"parent":0,"menu_order":0,"comment_status":"closed","ping_status":"closed","template":"","meta":{"_et_pb_use_builder":"on","_et_pb_old_content":"<!-- wp:divi\/placeholder \/-->","_et_gb_content_width":""},"_links":{"self":[{"href":"https:\/\/certcons.com\/index.php\/wp-json\/wp\/v2\/pages\/226"}],"collection":[{"href":"https:\/\/certcons.com\/index.php\/wp-json\/wp\/v2\/pages"}],"about":[{"href":"https:\/\/certcons.com\/index.php\/wp-json\/wp\/v2\/types\/page"}],"author":[{"embeddable":true,"href":"https:\/\/certcons.com\/index.php\/wp-json\/wp\/v2\/users\/1"}],"replies":[{"embeddable":true,"href":"https:\/\/certcons.com\/index.php\/wp-json\/wp\/v2\/comments?post=226"}],"version-history":[{"count":8,"href":"https:\/\/certcons.com\/index.php\/wp-json\/wp\/v2\/pages\/226\/revisions"}],"predecessor-version":[{"id":727,"href":"https:\/\/certcons.com\/index.php\/wp-json\/wp\/v2\/pages\/226\/revisions\/727"}],"wp:attachment":[{"href":"https:\/\/certcons.com\/index.php\/wp-json\/wp\/v2\/media?parent=226"}],"curies":[{"name":"wp","href":"https:\/\/api.w.org\/{rel}","templated":true}]}}