{"id":473,"date":"2023-01-07T23:47:28","date_gmt":"2023-01-07T23:47:28","guid":{"rendered":"https:\/\/certcons.com\/?page_id=473"},"modified":"2023-01-23T20:45:02","modified_gmt":"2023-01-23T20:45:02","slug":"digital-markting-expert","status":"publish","type":"page","link":"https:\/\/certcons.com\/index.php\/digital-markting-expert\/","title":{"rendered":"Digital Markting Expert"},"content":{"rendered":"<p>[et_pb_section fb_built=&#8221;1&#8243; _builder_version=&#8221;4.18.0&#8243; _module_preset=&#8221;default&#8221; custom_padding=&#8221;||17px|||&#8221; global_colors_info=&#8221;{}&#8221;][et_pb_row _builder_version=&#8221;4.18.0&#8243; _module_preset=&#8221;default&#8221; global_colors_info=&#8221;{}&#8221;][et_pb_column type=&#8221;4_4&#8243; _builder_version=&#8221;4.18.0&#8243; _module_preset=&#8221;default&#8221; global_colors_info=&#8221;{}&#8221;][et_pb_text _builder_version=&#8221;4.18.0&#8243; _module_preset=&#8221;default&#8221; global_colors_info=&#8221;{}&#8221;]<\/p>\n<h1>Digital Marketing Expert<\/h1>\n<p>[\/et_pb_text][\/et_pb_column][\/et_pb_row][et_pb_row column_structure=&#8221;3_5,2_5&#8243; _builder_version=&#8221;4.18.0&#8243; _module_preset=&#8221;default&#8221; min_height=&#8221;321.6px&#8221; global_colors_info=&#8221;{}&#8221;][et_pb_column type=&#8221;3_5&#8243; _builder_version=&#8221;4.18.0&#8243; _module_preset=&#8221;default&#8221; global_colors_info=&#8221;{}&#8221;][et_pb_image src=&#8221;https:\/\/certcons.com\/wp-content\/uploads\/2023\/01\/smiling-caucasian-woman-in-startup-office-doing-business-presentation-on-big-tv-screen-with-charts-in-front-of-team-confident-employee-presenting-growing-sales-statistics-in-late-night-meeting-scaled.jpg&#8221; alt=&#8221;Marketing- Certcons&#8221; title_text=&#8221;Digital Marketing Expert- Certcons&#8221; _builder_version=&#8221;4.18.0&#8243; _module_preset=&#8221;default&#8221; border_radii=&#8221;on|5px|5px|5px|5px&#8221; global_colors_info=&#8221;{}&#8221;][\/et_pb_image][et_pb_wc_add_to_cart _builder_version=&#8221;4.18.0&#8243; _module_preset=&#8221;default&#8221; product=&#8221;627&#8243; hover_enabled=&#8221;0&#8243; sticky_enabled=&#8221;0&#8243;][\/et_pb_wc_add_to_cart][\/et_pb_column][et_pb_column type=&#8221;2_5&#8243; _builder_version=&#8221;4.18.0&#8243; _module_preset=&#8221;default&#8221; global_colors_info=&#8221;{}&#8221;][et_pb_text _builder_version=&#8221;4.18.0&#8243; _module_preset=&#8221;default&#8221; global_colors_info=&#8221;{}&#8221;]<\/p>\n<p>Los participantes podr\u00e1n definir todas las actividades de marketing que utilizan<br \/>dispositivos electr\u00f3nicos conectados a Internet para clientes (por ejemplo, ordenadores, tabletas, tel\u00e9fonos inteligentes). Tambi\u00e9n ser\u00e1n capaces de planificar y desarrollar, optimizar todos los<br \/>canales de marketing digital disponibles que sean eficaces para alcanzar los objetivos definidos para un producto. Adem\u00e1s, los expertos certificados en marketing digital de SMstudy son experimentados facilitadores que garantizan la puesta en marcha de estrategias de marketing digital bien planificadas para satisfacer los objetivos fijados por la estrategia de Marketing Corporativo.<\/p>\n<p>[\/et_pb_text][et_pb_text _builder_version=&#8221;4.18.0&#8243; _module_preset=&#8221;default&#8221; global_colors_info=&#8221;{}&#8221;]<\/p>\n<p>\u2714 Curso y Certificaci\u00f3n<\/p>\n<p>\u2714 Idioma: Espa\u00f1ol e Ingl\u00e9s<\/p>\n<p>[\/et_pb_text][\/et_pb_column][\/et_pb_row][\/et_pb_section][et_pb_section fb_built=&#8221;1&#8243; _builder_version=&#8221;4.18.0&#8243; _module_preset=&#8221;default&#8221; background_color=&#8221;#E0A74B&#8221; custom_margin=&#8221;-10px|||||&#8221; custom_padding=&#8221;4px||44px|||&#8221; global_colors_info=&#8221;{}&#8221;][et_pb_row column_structure=&#8221;1_5,1_5,1_5,1_5,1_5&#8243; _builder_version=&#8221;4.18.0&#8243; _module_preset=&#8221;default&#8221; custom_padding=&#8221;||43px|||&#8221; global_colors_info=&#8221;{}&#8221;][et_pb_column type=&#8221;1_5&#8243; _builder_version=&#8221;4.18.0&#8243; _module_preset=&#8221;default&#8221; global_colors_info=&#8221;{}&#8221;][et_pb_text _builder_version=&#8221;4.18.0&#8243; _module_preset=&#8221;default&#8221; text_font=&#8221;|700|||||||&#8221; text_text_color=&#8221;#FFFFFF&#8221; text_font_size=&#8221;15px&#8221; text_orientation=&#8221;center&#8221; global_colors_info=&#8221;{}&#8221;]<\/p>\n<p><i class=\"fa-solid fa-circle-check\"><\/i> Opci\u00f3n M\u00faltiple<\/p>\n<p>[\/et_pb_text][\/et_pb_column][et_pb_column type=&#8221;1_5&#8243; _builder_version=&#8221;4.18.0&#8243; _module_preset=&#8221;default&#8221; global_colors_info=&#8221;{}&#8221;][et_pb_text _builder_version=&#8221;4.18.0&#8243; _module_preset=&#8221;default&#8221; text_font=&#8221;|700|||||||&#8221; text_text_color=&#8221;#FFFFFF&#8221; text_font_size=&#8221;15px&#8221; text_orientation=&#8221;center&#8221; custom_margin=&#8221;|-44px||||&#8221; global_colors_info=&#8221;{}&#8221;]<\/p>\n<p><i class=\"fa-solid fa-circle-question\"><\/i> 180 Preguntas<\/p>\n<p>[\/et_pb_text][\/et_pb_column][et_pb_column type=&#8221;1_5&#8243; _builder_version=&#8221;4.18.0&#8243; _module_preset=&#8221;default&#8221; global_colors_info=&#8221;{}&#8221;][et_pb_text _builder_version=&#8221;4.18.0&#8243; _module_preset=&#8221;default&#8221; text_font=&#8221;|700|||||||&#8221; text_text_color=&#8221;#FFFFFF&#8221; text_font_size=&#8221;15px&#8221; text_orientation=&#8221;center&#8221; global_colors_info=&#8221;{}&#8221;]<\/p>\n<p><i class=\"fa-solid fa-clock\"><\/i>\u00a0240 Minutos<\/p>\n<p>[\/et_pb_text][\/et_pb_column][et_pb_column type=&#8221;1_5&#8243; _builder_version=&#8221;4.18.0&#8243; _module_preset=&#8221;default&#8221; global_colors_info=&#8221;{}&#8221;][et_pb_text _builder_version=&#8221;4.18.0&#8243; _module_preset=&#8221;default&#8221; text_font=&#8221;|700|||||||&#8221; text_text_color=&#8221;#FFFFFF&#8221; text_font_size=&#8221;15px&#8221; text_orientation=&#8221;center&#8221; global_colors_info=&#8221;{}&#8221;]<\/p>\n<p><i class=\"fa-solid fa-video\"><\/i> Supervisado en l\u00ednea<\/p>\n<p>[\/et_pb_text][\/et_pb_column][et_pb_column type=&#8221;1_5&#8243; _builder_version=&#8221;4.18.0&#8243; _module_preset=&#8221;default&#8221; global_colors_info=&#8221;{}&#8221;][et_pb_text _builder_version=&#8221;4.18.0&#8243; _module_preset=&#8221;default&#8221; text_font=&#8221;|700|||||||&#8221; text_text_color=&#8221;#FFFFFF&#8221; text_font_size=&#8221;15px&#8221; text_orientation=&#8221;center&#8221; global_colors_info=&#8221;{}&#8221;]<i class=\"fa-solid fa-graduation-cap\"><\/i>\u00a0e-Certificate[\/et_pb_text][\/et_pb_column][\/et_pb_row][\/et_pb_section][et_pb_section fb_built=&#8221;1&#8243; _builder_version=&#8221;4.18.0&#8243; _module_preset=&#8221;default&#8221; custom_margin=&#8221;-50px|||||&#8221; global_colors_info=&#8221;{}&#8221;][et_pb_row column_structure=&#8221;1_2,1_2&#8243; _builder_version=&#8221;4.18.0&#8243; _module_preset=&#8221;default&#8221; global_colors_info=&#8221;{}&#8221;][et_pb_column type=&#8221;1_2&#8243; _builder_version=&#8221;4.18.0&#8243; _module_preset=&#8221;default&#8221; global_colors_info=&#8221;{}&#8221;][et_pb_text _builder_version=&#8221;4.18.0&#8243; _module_preset=&#8221;default&#8221; global_colors_info=&#8221;{}&#8221;]<\/p>\n<h6>Contenido del curso<\/h6>\n<p>[\/et_pb_text][et_pb_text _builder_version=&#8221;4.18.0&#8243; _module_preset=&#8221;default&#8221; global_colors_info=&#8221;{}&#8221;]<\/p>\n<p>\u2714 V\u00eddeos de alta calidad &#8211; Todos los cap\u00edtulos<\/p>\n<p>\u2714 Examen simulado completo<\/p>\n<p>\u2714 Certificaci\u00f3n SMstudy Certified Digital Marketing Expert de SMstudy<\/p>\n<p>\u2714 Pruebas por cap\u00edtulo<\/p>\n<p>\u2714 Casos pr\u00e1cticos atractivos<\/p>\n<p>\u2714 Aplicaci\u00f3n m\u00f3vil VMEdu<\/p>\n<p>[\/et_pb_text][\/et_pb_column][et_pb_column type=&#8221;1_2&#8243; _builder_version=&#8221;4.18.0&#8243; _module_preset=&#8221;default&#8221; global_colors_info=&#8221;{}&#8221;][et_pb_text _builder_version=&#8221;4.18.0&#8243; _module_preset=&#8221;default&#8221; global_colors_info=&#8221;{}&#8221;]<\/p>\n<h6>Perfil de audiencia y pre- requisitos<\/h6>\n<p>[\/et_pb_text][et_pb_text _builder_version=&#8221;4.18.0&#8243; _module_preset=&#8221;default&#8221; global_colors_info=&#8221;{}&#8221;]<\/p>\n<p>Esta certificaci\u00f3n es apropiada para<br \/>Profesionales de ventas y marketing y<br \/>Especialistas interesados en<br \/>convertirse en Expertos en Marketing Digital<\/p>\n<p>Pre-requisitos<\/p>\n<p>El candidato debe tener un m\u00ednimo<br \/>de 5 a\u00f1os de experiencia laboral. Es<br \/>preferible haber completado el<br \/>SMstudy\u00ae Especialista en Marketing Digital<br \/>Specialist y estudiar todos los procesos de<br \/>la Gu\u00eda SMstudy &#8211; Introducci\u00f3n y<br \/>Marketing Digital antes de<br \/>antes de solicitar el Certificado SMstudy<br \/>Experto en Marketing Digital. Tambi\u00e9n es<br \/>obligatorio obtener 40 horas<br \/>horas obligatorias de formaci\u00f3n<br \/>Experto en Marketing Digital<br \/>impartido por un Socio de Formaci\u00f3n<br \/>Socio de Formaci\u00f3n Autorizado (A.T.P.)<br \/>y presentar una recomendaci\u00f3n<br \/>profesional.<\/p>\n<p>[\/et_pb_text][\/et_pb_column][\/et_pb_row][\/et_pb_section]<\/p>\n","protected":false},"excerpt":{"rendered":"<p>Digital Marketing ExpertLos participantes podr\u00e1n definir todas las actividades de marketing que utilizandispositivos electr\u00f3nicos conectados a Internet para clientes (por ejemplo, ordenadores, tabletas, tel\u00e9fonos inteligentes). Tambi\u00e9n ser\u00e1n capaces de planificar y desarrollar, optimizar todos loscanales de marketing digital disponibles que sean eficaces para alcanzar los objetivos definidos para un producto. Adem\u00e1s, los expertos certificados en [&hellip;]<\/p>\n","protected":false},"author":1,"featured_media":0,"parent":0,"menu_order":0,"comment_status":"closed","ping_status":"closed","template":"","meta":{"_et_pb_use_builder":"on","_et_pb_old_content":"<!-- wp:divi\/placeholder \/-->","_et_gb_content_width":""},"_links":{"self":[{"href":"https:\/\/certcons.com\/index.php\/wp-json\/wp\/v2\/pages\/473"}],"collection":[{"href":"https:\/\/certcons.com\/index.php\/wp-json\/wp\/v2\/pages"}],"about":[{"href":"https:\/\/certcons.com\/index.php\/wp-json\/wp\/v2\/types\/page"}],"author":[{"embeddable":true,"href":"https:\/\/certcons.com\/index.php\/wp-json\/wp\/v2\/users\/1"}],"replies":[{"embeddable":true,"href":"https:\/\/certcons.com\/index.php\/wp-json\/wp\/v2\/comments?post=473"}],"version-history":[{"count":8,"href":"https:\/\/certcons.com\/index.php\/wp-json\/wp\/v2\/pages\/473\/revisions"}],"predecessor-version":[{"id":755,"href":"https:\/\/certcons.com\/index.php\/wp-json\/wp\/v2\/pages\/473\/revisions\/755"}],"wp:attachment":[{"href":"https:\/\/certcons.com\/index.php\/wp-json\/wp\/v2\/media?parent=473"}],"curies":[{"name":"wp","href":"https:\/\/api.w.org\/{rel}","templated":true}]}}