{"id":502,"date":"2023-01-09T15:34:22","date_gmt":"2023-01-09T15:34:22","guid":{"rendered":"https:\/\/certcons.com\/?page_id=502"},"modified":"2023-01-19T18:20:46","modified_gmt":"2023-01-19T18:20:46","slug":"marketing-strategy-specialist","status":"publish","type":"page","link":"https:\/\/certcons.com\/index.php\/marketing-strategy-specialist\/","title":{"rendered":"Marketing Strategy Specialist"},"content":{"rendered":"<p>[et_pb_section fb_built=&#8221;1&#8243; _builder_version=&#8221;4.18.0&#8243; _module_preset=&#8221;default&#8221; custom_padding=&#8221;||13px|||&#8221; global_colors_info=&#8221;{}&#8221;][et_pb_row _builder_version=&#8221;4.18.0&#8243; _module_preset=&#8221;default&#8221; global_colors_info=&#8221;{}&#8221;][et_pb_column type=&#8221;4_4&#8243; _builder_version=&#8221;4.18.0&#8243; _module_preset=&#8221;default&#8221; global_colors_info=&#8221;{}&#8221;][et_pb_text _builder_version=&#8221;4.18.0&#8243; _module_preset=&#8221;default&#8221; global_colors_info=&#8221;{}&#8221;]<\/p>\n<h1>Marketing Strategy Specialist<\/h1>\n<p>[\/et_pb_text][\/et_pb_column][\/et_pb_row][et_pb_row column_structure=&#8221;3_5,2_5&#8243; _builder_version=&#8221;4.18.0&#8243; _module_preset=&#8221;default&#8221; min_height=&#8221;321.6px&#8221; global_colors_info=&#8221;{}&#8221;][et_pb_column type=&#8221;3_5&#8243; _builder_version=&#8221;4.18.0&#8243; _module_preset=&#8221;default&#8221; global_colors_info=&#8221;{}&#8221;][et_pb_image src=&#8221;https:\/\/certcons.com\/wp-content\/uploads\/2023\/01\/top-view-of-manager-woman-analyzing-financial-paperwork-strategy-typing-expertise-on-laptop-scaled.jpg&#8221; _builder_version=&#8221;4.18.0&#8243; _module_preset=&#8221;default&#8221; hover_enabled=&#8221;0&#8243; global_colors_info=&#8221;{}&#8221; alt=&#8221;Marketing Strategy Specialist- Certcons&#8221; title_text=&#8221;Marketing Strategy Specialist &#8211; Certcons&#8221; border_radii=&#8221;on|5px|5px|5px|5px&#8221; sticky_enabled=&#8221;0&#8243;][\/et_pb_image][et_pb_wc_add_to_cart product=&#8221;638&#8243; _builder_version=&#8221;4.18.0&#8243; _module_preset=&#8221;default&#8221; global_colors_info=&#8221;{}&#8221;][\/et_pb_wc_add_to_cart][\/et_pb_column][et_pb_column type=&#8221;2_5&#8243; _builder_version=&#8221;4.18.0&#8243; _module_preset=&#8221;default&#8221; global_colors_info=&#8221;{}&#8221;][et_pb_text _builder_version=&#8221;4.18.0&#8243; _module_preset=&#8221;default&#8221; global_colors_info=&#8221;{}&#8221;]<\/p>\n<p>Los participantes podr\u00e1n definir la propuesta de valor \u00fanica de un producto o marca y estrategias para conectar con los p\u00fablicos definidos.<br \/>&#8211; Los participantes podr\u00e1n especificar las estrategias generales de fijaci\u00f3n de precios y distribuci\u00f3n del producto o la marca, y esbozar los objetivos, m\u00e9tricas y presupuestos de todas las actividades de marketing, m\u00e9tricas y presupuestos para todas las actividades de marketing.<br \/>&#8211; Los Especialistas Certificados en Estrategias de Marketing de SMstudy son facilitadores que que garantizan la aplicaci\u00f3n de estrategias de marketing bien planificadas para satisfacer los objetivos fijados por la estrategia de marketing corporativa o las unidades de negocio\/estrategias geogr\u00e1ficas.<\/p>\n<p>[\/et_pb_text][et_pb_text _builder_version=&#8221;4.18.0&#8243; _module_preset=&#8221;default&#8221; global_colors_info=&#8221;{}&#8221;]<\/p>\n<p>\u2714 Curso y Certificaci\u00f3n<\/p>\n<p>\u2714 Idioma: Espa\u00f1ol e Ingl\u00e9s<\/p>\n<p>[\/et_pb_text][\/et_pb_column][\/et_pb_row][\/et_pb_section][et_pb_section fb_built=&#8221;1&#8243; _builder_version=&#8221;4.18.0&#8243; _module_preset=&#8221;default&#8221; background_color=&#8221;#E0A74B&#8221; custom_margin=&#8221;-10px|||||&#8221; custom_padding=&#8221;4px||44px|||&#8221; global_colors_info=&#8221;{}&#8221;][et_pb_row column_structure=&#8221;1_5,1_5,1_5,1_5,1_5&#8243; _builder_version=&#8221;4.18.0&#8243; _module_preset=&#8221;default&#8221; custom_padding=&#8221;||43px|||&#8221; global_colors_info=&#8221;{}&#8221;][et_pb_column type=&#8221;1_5&#8243; _builder_version=&#8221;4.18.0&#8243; _module_preset=&#8221;default&#8221; global_colors_info=&#8221;{}&#8221;][et_pb_text _builder_version=&#8221;4.18.0&#8243; _module_preset=&#8221;default&#8221; text_font=&#8221;|700|||||||&#8221; text_text_color=&#8221;#FFFFFF&#8221; text_font_size=&#8221;15px&#8221; text_orientation=&#8221;center&#8221; global_colors_info=&#8221;{}&#8221;]<\/p>\n<p><i class=\"fa-solid fa-circle-check\"><\/i> Opci\u00f3n M\u00faltiple<\/p>\n<p>[\/et_pb_text][\/et_pb_column][et_pb_column type=&#8221;1_5&#8243; _builder_version=&#8221;4.18.0&#8243; _module_preset=&#8221;default&#8221; global_colors_info=&#8221;{}&#8221;][et_pb_text _builder_version=&#8221;4.18.0&#8243; _module_preset=&#8221;default&#8221; text_font=&#8221;|700|||||||&#8221; text_text_color=&#8221;#FFFFFF&#8221; text_font_size=&#8221;15px&#8221; text_orientation=&#8221;center&#8221; custom_margin=&#8221;|-44px||||&#8221; global_colors_info=&#8221;{}&#8221;]<\/p>\n<p><i class=\"fa-solid fa-circle-question\"><\/i>\u00a0140 Preguntas<\/p>\n<p>[\/et_pb_text][\/et_pb_column][et_pb_column type=&#8221;1_5&#8243; _builder_version=&#8221;4.18.0&#8243; _module_preset=&#8221;default&#8221; global_colors_info=&#8221;{}&#8221;][et_pb_text _builder_version=&#8221;4.18.0&#8243; _module_preset=&#8221;default&#8221; text_font=&#8221;|700|||||||&#8221; text_text_color=&#8221;#FFFFFF&#8221; text_font_size=&#8221;15px&#8221; text_orientation=&#8221;center&#8221; global_colors_info=&#8221;{}&#8221;]<\/p>\n<p><i class=\"fa-solid fa-clock\"><\/i>\u00a0180 Minutos<\/p>\n<p>[\/et_pb_text][\/et_pb_column][et_pb_column type=&#8221;1_5&#8243; _builder_version=&#8221;4.18.0&#8243; _module_preset=&#8221;default&#8221; global_colors_info=&#8221;{}&#8221;][et_pb_text _builder_version=&#8221;4.18.0&#8243; _module_preset=&#8221;default&#8221; text_font=&#8221;|700|||||||&#8221; text_text_color=&#8221;#FFFFFF&#8221; text_font_size=&#8221;15px&#8221; text_orientation=&#8221;center&#8221; global_colors_info=&#8221;{}&#8221;]<\/p>\n<p><i class=\"fa-solid fa-video\"><\/i> Supervisado en l\u00ednea<\/p>\n<p>[\/et_pb_text][\/et_pb_column][et_pb_column type=&#8221;1_5&#8243; _builder_version=&#8221;4.18.0&#8243; _module_preset=&#8221;default&#8221; global_colors_info=&#8221;{}&#8221;][et_pb_text _builder_version=&#8221;4.18.0&#8243; _module_preset=&#8221;default&#8221; text_font=&#8221;|700|||||||&#8221; text_text_color=&#8221;#FFFFFF&#8221; text_font_size=&#8221;15px&#8221; text_orientation=&#8221;center&#8221; global_colors_info=&#8221;{}&#8221;]<i class=\"fa-solid fa-graduation-cap\"><\/i>\u00a0e-Certificate[\/et_pb_text][\/et_pb_column][\/et_pb_row][\/et_pb_section][et_pb_section fb_built=&#8221;1&#8243; _builder_version=&#8221;4.18.0&#8243; _module_preset=&#8221;default&#8221; custom_margin=&#8221;-50px|||||&#8221; global_colors_info=&#8221;{}&#8221;][et_pb_row column_structure=&#8221;1_2,1_2&#8243; _builder_version=&#8221;4.18.0&#8243; _module_preset=&#8221;default&#8221; global_colors_info=&#8221;{}&#8221;][et_pb_column type=&#8221;1_2&#8243; _builder_version=&#8221;4.18.0&#8243; _module_preset=&#8221;default&#8221; global_colors_info=&#8221;{}&#8221;][et_pb_text _builder_version=&#8221;4.18.0&#8243; _module_preset=&#8221;default&#8221; global_colors_info=&#8221;{}&#8221;]<\/p>\n<h6>Contenido del curso<\/h6>\n<p>[\/et_pb_text][et_pb_text _builder_version=&#8221;4.18.0&#8243; _module_preset=&#8221;default&#8221; global_colors_info=&#8221;{}&#8221;]<\/p>\n<p>\u2714 V\u00eddeos de alta calidad &#8211; Todos los cap\u00edtulos<\/p>\n<p>\u2714 Examen simulado completo<\/p>\n<p>\u2714 Certificaci\u00f3n SMstudy Certified Marketing Strategy Specialist de SMstudy<\/p>\n<p>\u2714 Pruebas por cap\u00edtulo<\/p>\n<p>\u2714 Casos pr\u00e1cticos atractivos<\/p>\n<p>\u2714 Gu\u00edas de estudio y podcasts<\/p>\n<p>\u2714 Aplicaci\u00f3n m\u00f3vil VMEdu<\/p>\n<p>[\/et_pb_text][\/et_pb_column][et_pb_column type=&#8221;1_2&#8243; _builder_version=&#8221;4.18.0&#8243; _module_preset=&#8221;default&#8221; global_colors_info=&#8221;{}&#8221;][et_pb_text _builder_version=&#8221;4.18.0&#8243; _module_preset=&#8221;default&#8221; global_colors_info=&#8221;{}&#8221;]<\/p>\n<h6>Perfil de audiencia y pre-requisitos<\/h6>\n<p>[\/et_pb_text][et_pb_text _builder_version=&#8221;4.18.0&#8243; _module_preset=&#8221;default&#8221; global_colors_info=&#8221;{}&#8221;]<\/p>\n<p>Esta certificaci\u00f3n es adecuada para<br \/>Profesionales de ventas y marketing<br \/>que est\u00e9n interesados en convertirse en<br \/>Especialistas en Estrategia de Marketing.<\/p>\n<p><strong>Pre-requisitos<\/strong><\/p>\n<p>El candidato debe tener un m\u00ednimo<br \/>de 3 a\u00f1os de experiencia laboral. Es<br \/>preferible haber completado el SMstudy\u00ae Certified Marketing Strategy Professional y estudiar todos los procesos de la Gu\u00eda SMstudy\u00ae -Marketing Marketing antes de solicitar el SMstudy\u00ae Certified Marketing Strategy Specialists. Tambi\u00e9n es obligatorio obtener 20 horas de formaci\u00f3n obligatorias<br \/>asistiendo a la formaci\u00f3n presencial<br \/>Especialista en Estrategia de Marketing<br \/>por un Socio de Formaci\u00f3n Autorizado (A.T.P.)<\/p>\n<p>[\/et_pb_text][et_pb_button button_text=&#8221;Ver Marketing Strategy Professional&#8221; _builder_version=&#8221;4.18.0&#8243; _module_preset=&#8221;default&#8221; global_colors_info=&#8221;{}&#8221;][\/et_pb_button][\/et_pb_column][\/et_pb_row][\/et_pb_section]<\/p>\n","protected":false},"excerpt":{"rendered":"<p>Marketing Strategy SpecialistLos participantes podr\u00e1n definir la propuesta de valor \u00fanica de un producto o marca y estrategias para conectar con los p\u00fablicos definidos.- Los participantes podr\u00e1n especificar las estrategias generales de fijaci\u00f3n de precios y distribuci\u00f3n del producto o la marca, y esbozar los objetivos, m\u00e9tricas y presupuestos de todas las actividades de marketing, [&hellip;]<\/p>\n","protected":false},"author":1,"featured_media":0,"parent":0,"menu_order":0,"comment_status":"closed","ping_status":"closed","template":"","meta":{"_et_pb_use_builder":"on","_et_pb_old_content":"<!-- wp:divi\/placeholder \/-->","_et_gb_content_width":""},"_links":{"self":[{"href":"https:\/\/certcons.com\/index.php\/wp-json\/wp\/v2\/pages\/502"}],"collection":[{"href":"https:\/\/certcons.com\/index.php\/wp-json\/wp\/v2\/pages"}],"about":[{"href":"https:\/\/certcons.com\/index.php\/wp-json\/wp\/v2\/types\/page"}],"author":[{"embeddable":true,"href":"https:\/\/certcons.com\/index.php\/wp-json\/wp\/v2\/users\/1"}],"replies":[{"embeddable":true,"href":"https:\/\/certcons.com\/index.php\/wp-json\/wp\/v2\/comments?post=502"}],"version-history":[{"count":7,"href":"https:\/\/certcons.com\/index.php\/wp-json\/wp\/v2\/pages\/502\/revisions"}],"predecessor-version":[{"id":746,"href":"https:\/\/certcons.com\/index.php\/wp-json\/wp\/v2\/pages\/502\/revisions\/746"}],"wp:attachment":[{"href":"https:\/\/certcons.com\/index.php\/wp-json\/wp\/v2\/media?parent=502"}],"curies":[{"name":"wp","href":"https:\/\/api.w.org\/{rel}","templated":true}]}}